{"id":15,"date":"2024-11-18T14:36:36","date_gmt":"2024-11-18T14:36:36","guid":{"rendered":"https:\/\/oberpahlen.ee\/galerii\/"},"modified":"2025-08-23T13:04:16","modified_gmt":"2025-08-23T10:04:16","slug":"galerii","status":"publish","type":"page","link":"https:\/\/oberpahlen.ee\/en\/galerii\/","title":{"rendered":"Gallery"},"content":{"rendered":"<div class=\"wp-block-group alignfull has-background-background-color has-background has-global-padding is-layout-constrained wp-block-group-is-layout-constrained\" style=\"margin-top:0;margin-bottom:0;padding-top:0;padding-bottom:0\"><\/div>\n\n\n\n<div class=\"wp-block-group alignfull has-tertiary-background-color has-background has-global-padding is-layout-constrained wp-container-core-group-is-layout-7276a2bb wp-block-group-is-layout-constrained\" id=\"galerii\" style=\"margin-top:0;margin-bottom:0;padding-top:var(--wp--preset--spacing--60);padding-right:var(--wp--preset--spacing--30);padding-bottom:var(--wp--preset--spacing--60);padding-left:var(--wp--preset--spacing--30)\">\n<div class=\"wp-block-group alignwide has-global-padding is-content-justification-left is-layout-constrained wp-container-core-group-is-layout-8b4c372c wp-block-group-is-layout-constrained\">\n<h2 class=\"wp-block-heading has-large-font-size\">Discover Oberpahlen\u2019s delicacies through our photos<\/h2>\n\n\n\n<p style=\"margin-top:16px\"><\/p>\n<\/div>\n\n\n\n<div class=\"wp-block-columns alignwide is-layout-flex wp-container-core-columns-is-layout-28f84493 wp-block-columns-is-layout-flex\">\n<div class=\"wp-block-column is-layout-flow wp-container-core-column-is-layout-f5bb311e wp-block-column-is-layout-flow\">\n<figure class=\"wp-block-image size-large ext-aspect-landscape\"><img loading=\"lazy\" decoding=\"async\" width=\"768\" height=\"1024\" src=\"https:\/\/oberpahlen.ee\/wp-content\/uploads\/2024\/11\/iyi-1-768x1024.jpg\" alt=\"\" class=\"wp-image-91\" style=\"aspect-ratio:1;object-fit:cover\" srcset=\"https:\/\/oberpahlen.ee\/wp-content\/uploads\/2024\/11\/iyi-1-768x1024.jpg 768w, https:\/\/oberpahlen.ee\/wp-content\/uploads\/2024\/11\/iyi-1-225x300.jpg 225w, https:\/\/oberpahlen.ee\/wp-content\/uploads\/2024\/11\/iyi-1-1152x1536.jpg 1152w, https:\/\/oberpahlen.ee\/wp-content\/uploads\/2024\/11\/iyi-1.jpg 1536w\" sizes=\"auto, (max-width: 768px) 100vw, 768px\" \/><\/figure>\n\n\n\n<figure class=\"wp-block-image size-large ext-aspect-landscape\"><img loading=\"lazy\" decoding=\"async\" width=\"1024\" height=\"768\" src=\"https:\/\/oberpahlen.ee\/wp-content\/uploads\/2024\/11\/shake-shake-1-1024x768.jpg\" alt=\"\" class=\"wp-image-94\" style=\"aspect-ratio:16\/9;object-fit:cover\" srcset=\"https:\/\/oberpahlen.ee\/wp-content\/uploads\/2024\/11\/shake-shake-1-1024x768.jpg 1024w, https:\/\/oberpahlen.ee\/wp-content\/uploads\/2024\/11\/shake-shake-1-300x225.jpg 300w, https:\/\/oberpahlen.ee\/wp-content\/uploads\/2024\/11\/shake-shake-1-768x576.jpg 768w, https:\/\/oberpahlen.ee\/wp-content\/uploads\/2024\/11\/shake-shake-1-1536x1152.jpg 1536w, https:\/\/oberpahlen.ee\/wp-content\/uploads\/2024\/11\/shake-shake-1.jpg 2048w\" sizes=\"auto, (max-width: 1024px) 100vw, 1024px\" \/><\/figure>\n<\/div>\n\n\n\n<div class=\"wp-block-column is-layout-flow wp-container-core-column-is-layout-f5bb311e wp-block-column-is-layout-flow\">\n<figure class=\"wp-block-image size-large ext-aspect-landscape\"><img loading=\"lazy\" decoding=\"async\" width=\"1024\" height=\"768\" src=\"https:\/\/oberpahlen.ee\/wp-content\/uploads\/2024\/11\/huugama-1024x768.jpg\" alt=\"\" class=\"wp-image-93\" style=\"aspect-ratio:16\/9;object-fit:cover\" srcset=\"https:\/\/oberpahlen.ee\/wp-content\/uploads\/2024\/11\/huugama-1024x768.jpg 1024w, https:\/\/oberpahlen.ee\/wp-content\/uploads\/2024\/11\/huugama-300x225.jpg 300w, https:\/\/oberpahlen.ee\/wp-content\/uploads\/2024\/11\/huugama-768x576.jpg 768w, https:\/\/oberpahlen.ee\/wp-content\/uploads\/2024\/11\/huugama-1536x1152.jpg 1536w, https:\/\/oberpahlen.ee\/wp-content\/uploads\/2024\/11\/huugama.jpg 2048w\" sizes=\"auto, (max-width: 1024px) 100vw, 1024px\" \/><\/figure>\n\n\n\n<figure class=\"wp-block-image size-large ext-aspect-landscape\"><img loading=\"lazy\" decoding=\"async\" width=\"1024\" height=\"768\" src=\"https:\/\/oberpahlen.ee\/wp-content\/uploads\/2024\/11\/paet-1024x768.jpg\" alt=\"\" class=\"wp-image-95\" style=\"aspect-ratio:1;object-fit:cover\" srcset=\"https:\/\/oberpahlen.ee\/wp-content\/uploads\/2024\/11\/paet-1024x768.jpg 1024w, https:\/\/oberpahlen.ee\/wp-content\/uploads\/2024\/11\/paet-300x225.jpg 300w, https:\/\/oberpahlen.ee\/wp-content\/uploads\/2024\/11\/paet-768x576.jpg 768w, https:\/\/oberpahlen.ee\/wp-content\/uploads\/2024\/11\/paet-1536x1152.jpg 1536w, https:\/\/oberpahlen.ee\/wp-content\/uploads\/2024\/11\/paet.jpg 2048w\" sizes=\"auto, (max-width: 1024px) 100vw, 1024px\" \/><\/figure>\n<\/div>\n<\/div>\n<\/div>\n\n\n\n<div class=\"wp-block-group alignfull has-tertiary-background-color has-background has-global-padding is-layout-constrained wp-container-core-group-is-layout-7276a2bb wp-block-group-is-layout-constrained\" id=\"galerii\" style=\"margin-top:0;margin-bottom:0;padding-top:var(--wp--preset--spacing--60);padding-right:var(--wp--preset--spacing--30);padding-bottom:var(--wp--preset--spacing--60);padding-left:var(--wp--preset--spacing--30)\">\n<div class=\"wp-block-group alignwide has-global-padding is-content-justification-left is-layout-constrained wp-container-core-group-is-layout-8b4c372c wp-block-group-is-layout-constrained\">\n<h2 class=\"wp-block-heading has-large-font-size\">Discover Oberpahlen\u2019s cozy atmosphere and historic setting.<\/h2>\n\n\n\n<p style=\"margin-top:16px\"><\/p>\n<\/div>\n\n\n\n<div class=\"wp-block-columns alignwide is-layout-flex wp-container-core-columns-is-layout-28f84493 wp-block-columns-is-layout-flex\">\n<div class=\"wp-block-column is-layout-flow wp-container-core-column-is-layout-f5bb311e wp-block-column-is-layout-flow\">\n<figure class=\"wp-block-image size-large ext-aspect-landscape\"><img loading=\"lazy\" decoding=\"async\" width=\"768\" height=\"1024\" src=\"https:\/\/oberpahlen.ee\/wp-content\/uploads\/2024\/11\/lisa-768x1024.jpg\" alt=\"\" class=\"wp-image-168\" style=\"aspect-ratio:1;object-fit:cover\" srcset=\"https:\/\/oberpahlen.ee\/wp-content\/uploads\/2024\/11\/lisa-768x1024.jpg 768w, https:\/\/oberpahlen.ee\/wp-content\/uploads\/2024\/11\/lisa-225x300.jpg 225w, https:\/\/oberpahlen.ee\/wp-content\/uploads\/2024\/11\/lisa-1152x1536.jpg 1152w, https:\/\/oberpahlen.ee\/wp-content\/uploads\/2024\/11\/lisa.jpg 1536w\" sizes=\"auto, (max-width: 768px) 100vw, 768px\" \/><\/figure>\n\n\n\n<figure class=\"wp-block-image size-large ext-aspect-landscape\"><img loading=\"lazy\" decoding=\"async\" width=\"1024\" height=\"768\" src=\"https:\/\/oberpahlen.ee\/wp-content\/uploads\/2024\/11\/supik-1024x768.jpg\" alt=\"\" class=\"wp-image-172\" style=\"aspect-ratio:16\/9;object-fit:cover\" srcset=\"https:\/\/oberpahlen.ee\/wp-content\/uploads\/2024\/11\/supik-1024x768.jpg 1024w, https:\/\/oberpahlen.ee\/wp-content\/uploads\/2024\/11\/supik-300x225.jpg 300w, https:\/\/oberpahlen.ee\/wp-content\/uploads\/2024\/11\/supik-768x576.jpg 768w, https:\/\/oberpahlen.ee\/wp-content\/uploads\/2024\/11\/supik.jpg 1080w\" sizes=\"auto, (max-width: 1024px) 100vw, 1024px\" \/><\/figure>\n<\/div>\n\n\n\n<div class=\"wp-block-column is-layout-flow wp-container-core-column-is-layout-f5bb311e wp-block-column-is-layout-flow\">\n<figure class=\"wp-block-image size-large ext-aspect-landscape\"><img loading=\"lazy\" decoding=\"async\" width=\"819\" height=\"1024\" src=\"https:\/\/oberpahlen.ee\/wp-content\/uploads\/2024\/11\/espresso-martini-819x1024.jpg\" alt=\"\" class=\"wp-image-169\" style=\"aspect-ratio:16\/9;object-fit:cover\" srcset=\"https:\/\/oberpahlen.ee\/wp-content\/uploads\/2024\/11\/espresso-martini-819x1024.jpg 819w, https:\/\/oberpahlen.ee\/wp-content\/uploads\/2024\/11\/espresso-martini-240x300.jpg 240w, https:\/\/oberpahlen.ee\/wp-content\/uploads\/2024\/11\/espresso-martini-768x960.jpg 768w, https:\/\/oberpahlen.ee\/wp-content\/uploads\/2024\/11\/espresso-martini-1229x1536.jpg 1229w, https:\/\/oberpahlen.ee\/wp-content\/uploads\/2024\/11\/espresso-martini.jpg 1440w\" sizes=\"auto, (max-width: 819px) 100vw, 819px\" \/><\/figure>\n\n\n\n<figure class=\"wp-block-image size-large ext-aspect-landscape\"><img loading=\"lazy\" decoding=\"async\" width=\"768\" height=\"1024\" src=\"https:\/\/oberpahlen.ee\/wp-content\/uploads\/2024\/11\/snakk-1-768x1024.jpg\" alt=\"\" class=\"wp-image-170\" style=\"aspect-ratio:1;object-fit:cover\" srcset=\"https:\/\/oberpahlen.ee\/wp-content\/uploads\/2024\/11\/snakk-1-768x1024.jpg 768w, https:\/\/oberpahlen.ee\/wp-content\/uploads\/2024\/11\/snakk-1-225x300.jpg 225w, https:\/\/oberpahlen.ee\/wp-content\/uploads\/2024\/11\/snakk-1-1152x1536.jpg 1152w, https:\/\/oberpahlen.ee\/wp-content\/uploads\/2024\/11\/snakk-1.jpg 1536w\" sizes=\"auto, (max-width: 768px) 100vw, 768px\" \/><\/figure>\n<\/div>\n<\/div>\n<\/div>\n\n\n\n<div class=\"wp-block-group alignfull has-tertiary-background-color has-background has-global-padding is-layout-constrained wp-container-core-group-is-layout-7276a2bb wp-block-group-is-layout-constrained\" id=\"galerii\" style=\"margin-top:0;margin-bottom:0;padding-top:var(--wp--preset--spacing--60);padding-right:var(--wp--preset--spacing--30);padding-bottom:var(--wp--preset--spacing--60);padding-left:var(--wp--preset--spacing--30)\">\n<div class=\"wp-block-group alignwide has-global-padding is-content-justification-left is-layout-constrained wp-container-core-group-is-layout-8b4c372c wp-block-group-is-layout-constrained\">\n<h2 class=\"wp-block-heading has-large-font-size\">Come and experience moments that make every evening special \u2013 with family or friends!<\/h2>\n\n\n\n<p style=\"margin-top:16px\"><\/p>\n<\/div>\n\n\n\n<div class=\"wp-block-columns alignwide is-layout-flex wp-container-core-columns-is-layout-28f84493 wp-block-columns-is-layout-flex\">\n<div class=\"wp-block-column is-layout-flow wp-container-core-column-is-layout-f5bb311e wp-block-column-is-layout-flow\">\n<figure class=\"wp-block-image size-large ext-aspect-landscape\"><img loading=\"lazy\" decoding=\"async\" width=\"1509\" height=\"1509\" src=\"https:\/\/oberpahlen.ee\/wp-content\/uploads\/2024\/11\/eliise-edited.jpg\" alt=\"\" class=\"wp-image-174\" style=\"aspect-ratio:1;object-fit:cover\" srcset=\"https:\/\/oberpahlen.ee\/wp-content\/uploads\/2024\/11\/eliise-edited.jpg 1509w, https:\/\/oberpahlen.ee\/wp-content\/uploads\/2024\/11\/eliise-edited-300x300.jpg 300w, https:\/\/oberpahlen.ee\/wp-content\/uploads\/2024\/11\/eliise-edited-1024x1024.jpg 1024w, https:\/\/oberpahlen.ee\/wp-content\/uploads\/2024\/11\/eliise-edited-150x150.jpg 150w, https:\/\/oberpahlen.ee\/wp-content\/uploads\/2024\/11\/eliise-edited-768x768.jpg 768w\" sizes=\"auto, (max-width: 1509px) 100vw, 1509px\" \/><\/figure>\n\n\n\n<figure class=\"wp-block-image size-large ext-aspect-landscape\"><img loading=\"lazy\" decoding=\"async\" width=\"1151\" height=\"1438\" src=\"https:\/\/oberpahlen.ee\/wp-content\/uploads\/2024\/11\/birgit-1-edited.jpg\" alt=\"\" class=\"wp-image-181\" style=\"aspect-ratio:16\/9;object-fit:cover\" srcset=\"https:\/\/oberpahlen.ee\/wp-content\/uploads\/2024\/11\/birgit-1-edited.jpg 1151w, https:\/\/oberpahlen.ee\/wp-content\/uploads\/2024\/11\/birgit-1-edited-240x300.jpg 240w, https:\/\/oberpahlen.ee\/wp-content\/uploads\/2024\/11\/birgit-1-edited-820x1024.jpg 820w, https:\/\/oberpahlen.ee\/wp-content\/uploads\/2024\/11\/birgit-1-edited-768x959.jpg 768w\" sizes=\"auto, (max-width: 1151px) 100vw, 1151px\" \/><\/figure>\n<\/div>\n\n\n\n<div class=\"wp-block-column is-layout-flow wp-container-core-column-is-layout-f5bb311e wp-block-column-is-layout-flow\">\n<figure class=\"wp-block-image size-large ext-aspect-landscape\"><img loading=\"lazy\" decoding=\"async\" width=\"1024\" height=\"768\" src=\"https:\/\/oberpahlen.ee\/wp-content\/uploads\/2024\/11\/urr-1024x768.jpg\" alt=\"\" class=\"wp-image-175\" style=\"aspect-ratio:16\/9;object-fit:cover\" srcset=\"https:\/\/oberpahlen.ee\/wp-content\/uploads\/2024\/11\/urr-1024x768.jpg 1024w, https:\/\/oberpahlen.ee\/wp-content\/uploads\/2024\/11\/urr-300x225.jpg 300w, https:\/\/oberpahlen.ee\/wp-content\/uploads\/2024\/11\/urr-768x576.jpg 768w, https:\/\/oberpahlen.ee\/wp-content\/uploads\/2024\/11\/urr-1536x1152.jpg 1536w, https:\/\/oberpahlen.ee\/wp-content\/uploads\/2024\/11\/urr.jpg 2048w\" sizes=\"auto, (max-width: 1024px) 100vw, 1024px\" \/><\/figure>\n\n\n\n<figure class=\"wp-block-image size-large ext-aspect-landscape\"><img loading=\"lazy\" decoding=\"async\" width=\"1024\" height=\"768\" src=\"https:\/\/oberpahlen.ee\/wp-content\/uploads\/2024\/11\/mimm-1024x768.jpg\" alt=\"\" class=\"wp-image-179\" style=\"aspect-ratio:1;object-fit:cover\" srcset=\"https:\/\/oberpahlen.ee\/wp-content\/uploads\/2024\/11\/mimm-1024x768.jpg 1024w, https:\/\/oberpahlen.ee\/wp-content\/uploads\/2024\/11\/mimm-300x225.jpg 300w, https:\/\/oberpahlen.ee\/wp-content\/uploads\/2024\/11\/mimm-768x576.jpg 768w, https:\/\/oberpahlen.ee\/wp-content\/uploads\/2024\/11\/mimm-1536x1152.jpg 1536w, https:\/\/oberpahlen.ee\/wp-content\/uploads\/2024\/11\/mimm.jpg 2048w\" sizes=\"auto, (max-width: 1024px) 100vw, 1024px\" \/><\/figure>\n<\/div>\n<\/div>\n<\/div>\n\n\n\n<div class=\"wp-block-group has-global-padding is-layout-constrained wp-block-group-is-layout-constrained\">\n<div class=\"wp-block-columns is-layout-flex wp-container-core-columns-is-layout-28f84493 wp-block-columns-is-layout-flex\">\n<div class=\"wp-block-column is-layout-flow wp-block-column-is-layout-flow\" style=\"flex-basis:100%\">\n<figure class=\"wp-block-gallery has-nested-images columns-default is-cropped wp-block-gallery-1 is-layout-flex wp-block-gallery-is-layout-flex\">\n<figure class=\"wp-block-image size-large\"><img loading=\"lazy\" decoding=\"async\" width=\"768\" height=\"1024\" data-id=\"219\" src=\"https:\/\/oberpahlen.ee\/wp-content\/uploads\/2025\/08\/kokteil-768x1024.jpg\" alt=\"\" class=\"wp-image-219\" srcset=\"https:\/\/oberpahlen.ee\/wp-content\/uploads\/2025\/08\/kokteil-768x1024.jpg 768w, https:\/\/oberpahlen.ee\/wp-content\/uploads\/2025\/08\/kokteil-225x300.jpg 225w, https:\/\/oberpahlen.ee\/wp-content\/uploads\/2025\/08\/kokteil-1152x1536.jpg 1152w, https:\/\/oberpahlen.ee\/wp-content\/uploads\/2025\/08\/kokteil-9x12.jpg 9w, https:\/\/oberpahlen.ee\/wp-content\/uploads\/2025\/08\/kokteil.jpg 1536w\" sizes=\"auto, (max-width: 768px) 100vw, 768px\" \/><\/figure>\n\n\n\n<figure class=\"wp-block-image size-large\"><img loading=\"lazy\" decoding=\"async\" width=\"1024\" height=\"768\" data-id=\"218\" src=\"https:\/\/oberpahlen.ee\/wp-content\/uploads\/2025\/08\/making-1024x768.jpg\" alt=\"\" class=\"wp-image-218\" srcset=\"https:\/\/oberpahlen.ee\/wp-content\/uploads\/2025\/08\/making-1024x768.jpg 1024w, https:\/\/oberpahlen.ee\/wp-content\/uploads\/2025\/08\/making-300x225.jpg 300w, https:\/\/oberpahlen.ee\/wp-content\/uploads\/2025\/08\/making-768x576.jpg 768w, https:\/\/oberpahlen.ee\/wp-content\/uploads\/2025\/08\/making-1536x1152.jpg 1536w, https:\/\/oberpahlen.ee\/wp-content\/uploads\/2025\/08\/making-16x12.jpg 16w, https:\/\/oberpahlen.ee\/wp-content\/uploads\/2025\/08\/making.jpg 2048w\" sizes=\"auto, (max-width: 1024px) 100vw, 1024px\" \/><\/figure>\n\n\n\n<figure class=\"wp-block-image size-large\"><img loading=\"lazy\" decoding=\"async\" width=\"768\" height=\"1024\" data-id=\"217\" src=\"https:\/\/oberpahlen.ee\/wp-content\/uploads\/2025\/08\/dessert-768x1024.jpg\" alt=\"\" class=\"wp-image-217\" srcset=\"https:\/\/oberpahlen.ee\/wp-content\/uploads\/2025\/08\/dessert-768x1024.jpg 768w, https:\/\/oberpahlen.ee\/wp-content\/uploads\/2025\/08\/dessert-225x300.jpg 225w, https:\/\/oberpahlen.ee\/wp-content\/uploads\/2025\/08\/dessert-1152x1536.jpg 1152w, https:\/\/oberpahlen.ee\/wp-content\/uploads\/2025\/08\/dessert-9x12.jpg 9w, https:\/\/oberpahlen.ee\/wp-content\/uploads\/2025\/08\/dessert.jpg 1536w\" sizes=\"auto, (max-width: 768px) 100vw, 768px\" \/><\/figure>\n<\/figure>\n<\/div>\n<\/div>\n<\/div>\n\n\n\n<div class=\"wp-block-group alignfull has-tertiary-background-color has-background has-global-padding is-layout-constrained wp-container-core-group-is-layout-7276a2bb wp-block-group-is-layout-constrained\" style=\"margin-top:0;margin-bottom:0;padding-top:var(--wp--preset--spacing--60);padding-right:var(--wp--preset--spacing--30);padding-bottom:var(--wp--preset--spacing--60);padding-left:var(--wp--preset--spacing--30)\">\n<div class=\"wp-block-group alignwide has-background-background-color has-background is-content-justification-space-between is-layout-flex wp-container-core-group-is-layout-4be20cc5 wp-block-group-is-layout-flex\" style=\"padding-top:var(--wp--preset--spacing--50);padding-right:var(--wp--preset--spacing--50);padding-bottom:var(--wp--preset--spacing--50);padding-left:var(--wp--preset--spacing--50)\">\n<div class=\"wp-block-group has-global-padding is-layout-constrained wp-block-group-is-layout-constrained\">\n<h2 class=\"wp-block-heading has-large-font-size\">Secure your spot today!<\/h2>\n\n\n\n<p style=\"margin-top:16px\">Our historic castle in P\u00f5ltsamaa invites you to enjoy a cozy atmosphere and delicious dishes. Book your table today!<\/p>\n<\/div>\n\n\n\n<div class=\"wp-block-buttons is-content-justification-left is-layout-flex wp-container-core-buttons-is-layout-82056a45 wp-block-buttons-is-layout-flex\">\n<div class=\"wp-block-button is-style-outline is-style-outline--2\"><a class=\"wp-block-button__link wp-element-button\" href=\"\/en\/menuu\/\">See more<\/a><\/div>\n\n\n\n<div class=\"wp-block-button\"><a class=\"wp-block-button__link wp-element-button\" href=\"\/en\/kontakt\/\">Reserve a table<\/a><\/div>\n<\/div>\n<\/div>\n<\/div>","protected":false},"excerpt":{"rendered":"<p>Avasta Oberpahleni h\u00f5rgutised l\u00e4bi meie fotode Avasta Oberpahleni hubane atmosf\u00e4\u00e4r ja ajalooline milj\u00f6\u00f6. Tule ja koge hetki, mis teevad iga \u00f5htu eriliseks \u2013 pere v\u00f5i s\u00f5pradega! Haarake koht juba t\u00e4na! [&hellip;]<\/p>\n","protected":false},"author":1,"featured_media":0,"parent":0,"menu_order":0,"comment_status":"closed","ping_status":"closed","template":"no-title","meta":{"_EventAllDay":false,"_EventTimezone":"","_EventStartDate":"","_EventEndDate":"","_EventStartDateUTC":"","_EventEndDateUTC":"","_EventShowMap":false,"_EventShowMapLink":false,"_EventURL":"","_EventCost":"","_EventCostDescription":"","_EventCurrencySymbol":"","_EventCurrencyCode":"","_EventCurrencyPosition":"","_EventDateTimeSeparator":"","_EventTimeRangeSeparator":"","_EventOrganizerID":[],"_EventVenueID":[],"_OrganizerEmail":"","_OrganizerPhone":"","_OrganizerWebsite":"","_VenueAddress":"","_VenueCity":"","_VenueCountry":"","_VenueProvince":"","_VenueState":"","_VenueZip":"","_VenuePhone":"","_VenueURL":"","_VenueStateProvince":"","_VenueLat":"","_VenueLng":"","_VenueShowMap":false,"_VenueShowMapLink":false,"footnotes":""},"class_list":["post-15","page","type-page","status-publish","hentry"],"aioseo_notices":[],"_links":{"self":[{"href":"https:\/\/oberpahlen.ee\/en\/wp-json\/wp\/v2\/pages\/15","targetHints":{"allow":["GET"]}}],"collection":[{"href":"https:\/\/oberpahlen.ee\/en\/wp-json\/wp\/v2\/pages"}],"about":[{"href":"https:\/\/oberpahlen.ee\/en\/wp-json\/wp\/v2\/types\/page"}],"author":[{"embeddable":true,"href":"https:\/\/oberpahlen.ee\/en\/wp-json\/wp\/v2\/users\/1"}],"replies":[{"embeddable":true,"href":"https:\/\/oberpahlen.ee\/en\/wp-json\/wp\/v2\/comments?post=15"}],"version-history":[{"count":8,"href":"https:\/\/oberpahlen.ee\/en\/wp-json\/wp\/v2\/pages\/15\/revisions"}],"predecessor-version":[{"id":225,"href":"https:\/\/oberpahlen.ee\/en\/wp-json\/wp\/v2\/pages\/15\/revisions\/225"}],"wp:attachment":[{"href":"https:\/\/oberpahlen.ee\/en\/wp-json\/wp\/v2\/media?parent=15"}],"curies":[{"name":"wp","href":"https:\/\/api.w.org\/{rel}","templated":true}]}}